{"id":4657,"date":"2025-04-02T13:56:44","date_gmt":"2025-04-02T11:56:44","guid":{"rendered":"https:\/\/cyklos.stage.tankbar.cloud\/no\/?post_type=product&#038;p=4657"},"modified":"2025-04-02T14:16:48","modified_gmt":"2025-04-02T12:16:48","slug":"sykkelhus-spin360","status":"publish","type":"product","link":"https:\/\/cyklos.stage.tankbar.cloud\/no\/produkt\/sykkelhus-spin360\/","title":{"rendered":"Sykkelhus SPIN360"},"content":{"rendered":"<h5>Design og funksjon<\/h5>\n<p>SPIN360<sup>\u00a9<\/sup> er et l\u00e5sbart og opplyst sykkelskur som tilbyr sikker og trygg oppbevaring for opptil 12 sykler. Den roterende funksjonen sammen med den gassfj\u00e6rassisterte l\u00f8ftearmen gj\u00f8r det enkelt for syklister \u00e5 parkere og hente syklene sine, samtidig som designet maksimerer plassutnyttelsen. Syklene<br \/>\nkan l\u00e5ses individuelt i rammen for ekstra sikkerhet. Den runde formen, materialvalgene kombinert med det gr\u00f8nne taket skaper et harmonisk og naturlig innslag i utemilj\u00f8et..<\/p>\n<h5>Fleksibilitet<\/h5>\n<p>Sykkelhuset kan plasseres p\u00e5 ulike steder uten behov for permanent fundamentering, noe som gj\u00f8r det fleksibelt med sitt prefabrikkerte fundament og installasjon p\u00e5 forskjellige lokasjoner. SPIN360<sup>\u00a9<\/sup> er ogs\u00e5 designet for \u00e5 kunne kombineres med andre sykkelparkeringsl\u00f8sninger som sykkelgarasjer og sykkeltak.<\/p>\n<h5>Milj\u00f8vurderinger<\/h5>\n<p>SPIN360\u00a9<sup>\u00a9<\/sup> ykkelbeskyttelse er godkjent i henhold til:<\/p>\n<table style=\"margin-bottom: 1rem;\" width=\"100%\">\n<tbody>\n<tr>\n<td><img loading=\"lazy\" decoding=\"async\" class=\"alignnone size-medium wp-image-7374\" src=\"https:\/\/cyklos.dockerstage01.tankbar.com\/wp-content\/uploads\/2025\/03\/byggvaru-300x84.jpg\" alt=\"\" width=\"150\" height=\"42\" \/><\/td>\n<td><img loading=\"lazy\" decoding=\"async\" class=\"alignnone size-medium wp-image-7375\" src=\"https:\/\/cyklos.dockerstage01.tankbar.com\/wp-content\/uploads\/2025\/03\/sundahus-300x81.jpg\" alt=\"\" width=\"150\" height=\"40\" \/><\/td>\n<\/tr>\n<\/tbody>\n<\/table>\n<p>Milj\u00f8sertifisering for byggematerialer som fremmer b\u00e6rekraftig og langsiktig bygging<\/p>\n<h5>Sertifiseringer<\/h5>\n<table width=\"100%\" cellspacing=\"4px\">\n<tbody>\n<tr>\n<td width=\"50%\">\n<p class=\"p1\"><strong>CE-merket i henhold til EN 1090<\/strong><\/p>\n<p class=\"p1\" style=\"margin-right: 1rem;\">Produktet oppfyller EU sine sikkerhetskrav for b\u00e6rende komponenter<\/p>\n<p class=\"p1\">\n<\/td>\n<td width=\"50%\">\n<p class=\"p1\"><strong>Godkjent i henhold til EN 13857<\/strong><\/p>\n<p class=\"p1\">Oppfyller kravene for sikkerhetsavstand<\/p>\n<\/td>\n<\/tr>\n<\/tbody>\n<\/table>\n<p><img loading=\"lazy\" decoding=\"async\" class=\"alignnone size-full wp-image-7376\" src=\"https:\/\/cyklos.dockerstage01.tankbar.com\/wp-content\/uploads\/2025\/03\/ce.jpg\" alt=\"\" width=\"42\" height=\"29\" \/><\/p>\n","protected":false},"excerpt":{"rendered":"<p>SPIN360<sup>\u00a9<\/sup> er et innovativt og plassbesparende sykkelhus med roterende funksjon, designet for \u00e5 tilby sikker, trygg og effektiv parkering for 12 sykler. Perfekt for bymilj\u00f8er, boligomr\u00e5der og andre offentlige steder med begrenset plass der sikkerhet, brukervennlighet og b\u00e6rekraft er i fokus. Med sin kompakte design og selvb\u00e6rende struktur er SPIN360<sup>\u00a9<\/sup> enkel \u00e5 installere og demontere.<\/p>\n","protected":false},"featured_media":4656,"comment_status":"closed","ping_status":"closed","template":"","meta":{"_acf_changed":false},"product_brand":[],"product_cat":[257],"product_tag":[],"class_list":{"0":"post-4657","1":"product","2":"type-product","3":"status-publish","4":"has-post-thumbnail","6":"product_cat-sykkelhus-sykkeltak","8":"first","9":"instock","10":"shipping-taxable","11":"product-type-simple"},"acf":[],"yoast_head":"<!-- This site is optimized with the Yoast SEO plugin v27.2 - https:\/\/yoast.com\/product\/yoast-seo-wordpress\/ -->\n<title>Sykkelhus SPIN360 - Cyklos | Norge<\/title>\n<meta name=\"robots\" content=\"noindex, follow, max-snippet:-1, max-image-preview:large, max-video-preview:-1\" \/>\n<meta property=\"og:locale\" content=\"nb_NO\" \/>\n<meta property=\"og:type\" content=\"article\" \/>\n<meta property=\"og:title\" content=\"Sykkelhus SPIN360 - Cyklos | Norge\" \/>\n<meta property=\"og:description\" content=\"SPIN360\u00a9 er et innovativt og plassbesparende sykkelhus med roterende funksjon, designet for \u00e5 tilby sikker, trygg og effektiv parkering for 12 sykler. Perfekt for bymilj\u00f8er, boligomr\u00e5der og andre offentlige steder med begrenset plass der sikkerhet, brukervennlighet og b\u00e6rekraft er i fokus. Med sin kompakte design og selvb\u00e6rende struktur er SPIN360\u00a9 enkel \u00e5 installere og demontere.\" \/>\n<meta property=\"og:url\" content=\"https:\/\/cyklos.stage.tankbar.cloud\/no\/produkt\/sykkelhus-spin360\/\" \/>\n<meta property=\"og:site_name\" content=\"Cyklos | Norge\" \/>\n<meta property=\"article:modified_time\" content=\"2025-04-02T12:16:48+00:00\" \/>\n<meta property=\"og:image\" content=\"https:\/\/cyklos.stage.tankbar.cloud\/no\/wp-content\/uploads\/sites\/9\/2025\/03\/SPIN360-03.jpg\" \/>\n\t<meta property=\"og:image:width\" content=\"2500\" \/>\n\t<meta property=\"og:image:height\" content=\"1568\" \/>\n\t<meta property=\"og:image:type\" content=\"image\/jpeg\" \/>\n<meta name=\"twitter:card\" content=\"summary_large_image\" \/>\n<meta name=\"twitter:label1\" content=\"Ansl. lesetid\" \/>\n\t<meta name=\"twitter:data1\" content=\"2 minutter\" \/>\n<script type=\"application\/ld+json\" class=\"yoast-schema-graph\">{\"@context\":\"https:\/\/schema.org\",\"@graph\":[{\"@type\":\"WebPage\",\"@id\":\"https:\/\/cyklos.stage.tankbar.cloud\/no\/produkt\/sykkelhus-spin360\/\",\"url\":\"https:\/\/cyklos.stage.tankbar.cloud\/no\/produkt\/sykkelhus-spin360\/\",\"name\":\"Sykkelhus SPIN360 - Cyklos | Norge\",\"isPartOf\":{\"@id\":\"https:\/\/cyklos.stage.tankbar.cloud\/no\/#website\"},\"primaryImageOfPage\":{\"@id\":\"https:\/\/cyklos.stage.tankbar.cloud\/no\/produkt\/sykkelhus-spin360\/#primaryimage\"},\"image\":{\"@id\":\"https:\/\/cyklos.stage.tankbar.cloud\/no\/produkt\/sykkelhus-spin360\/#primaryimage\"},\"thumbnailUrl\":\"https:\/\/cyklos.stage.tankbar.cloud\/no\/wp-content\/uploads\/sites\/9\/2025\/03\/SPIN360-03.jpg\",\"datePublished\":\"2025-04-02T11:56:44+00:00\",\"dateModified\":\"2025-04-02T12:16:48+00:00\",\"breadcrumb\":{\"@id\":\"https:\/\/cyklos.stage.tankbar.cloud\/no\/produkt\/sykkelhus-spin360\/#breadcrumb\"},\"inLanguage\":\"nb-NO\",\"potentialAction\":[{\"@type\":\"ReadAction\",\"target\":[\"https:\/\/cyklos.stage.tankbar.cloud\/no\/produkt\/sykkelhus-spin360\/\"]}]},{\"@type\":\"ImageObject\",\"inLanguage\":\"nb-NO\",\"@id\":\"https:\/\/cyklos.stage.tankbar.cloud\/no\/produkt\/sykkelhus-spin360\/#primaryimage\",\"url\":\"https:\/\/cyklos.stage.tankbar.cloud\/no\/wp-content\/uploads\/sites\/9\/2025\/03\/SPIN360-03.jpg\",\"contentUrl\":\"https:\/\/cyklos.stage.tankbar.cloud\/no\/wp-content\/uploads\/sites\/9\/2025\/03\/SPIN360-03.jpg\",\"width\":2500,\"height\":1568},{\"@type\":\"BreadcrumbList\",\"@id\":\"https:\/\/cyklos.stage.tankbar.cloud\/no\/produkt\/sykkelhus-spin360\/#breadcrumb\",\"itemListElement\":[{\"@type\":\"ListItem\",\"position\":1,\"name\":\"Home\",\"item\":\"https:\/\/cyklos.stage.tankbar.cloud\/no\/\"},{\"@type\":\"ListItem\",\"position\":2,\"name\":\"Produkter\",\"item\":\"https:\/\/cyklos.stage.tankbar.cloud\/no\/shop\/\"},{\"@type\":\"ListItem\",\"position\":3,\"name\":\"Sykkelhus SPIN360\"}]},{\"@type\":\"WebSite\",\"@id\":\"https:\/\/cyklos.stage.tankbar.cloud\/no\/#website\",\"url\":\"https:\/\/cyklos.stage.tankbar.cloud\/no\/\",\"name\":\"Cyklos | Norge\",\"description\":\"Framtidens cykelparkering\",\"potentialAction\":[{\"@type\":\"SearchAction\",\"target\":{\"@type\":\"EntryPoint\",\"urlTemplate\":\"https:\/\/cyklos.stage.tankbar.cloud\/no\/?s={search_term_string}\"},\"query-input\":{\"@type\":\"PropertyValueSpecification\",\"valueRequired\":true,\"valueName\":\"search_term_string\"}}],\"inLanguage\":\"nb-NO\"}]}<\/script>\n<!-- \/ Yoast SEO plugin. -->","yoast_head_json":{"title":"Sykkelhus SPIN360 - Cyklos | Norge","robots":{"index":"noindex","follow":"follow","max-snippet":"max-snippet:-1","max-image-preview":"max-image-preview:large","max-video-preview":"max-video-preview:-1"},"og_locale":"nb_NO","og_type":"article","og_title":"Sykkelhus SPIN360 - Cyklos | Norge","og_description":"SPIN360\u00a9 er et innovativt og plassbesparende sykkelhus med roterende funksjon, designet for \u00e5 tilby sikker, trygg og effektiv parkering for 12 sykler. Perfekt for bymilj\u00f8er, boligomr\u00e5der og andre offentlige steder med begrenset plass der sikkerhet, brukervennlighet og b\u00e6rekraft er i fokus. Med sin kompakte design og selvb\u00e6rende struktur er SPIN360\u00a9 enkel \u00e5 installere og demontere.","og_url":"https:\/\/cyklos.stage.tankbar.cloud\/no\/produkt\/sykkelhus-spin360\/","og_site_name":"Cyklos | Norge","article_modified_time":"2025-04-02T12:16:48+00:00","og_image":[{"width":2500,"height":1568,"url":"https:\/\/cyklos.stage.tankbar.cloud\/no\/wp-content\/uploads\/sites\/9\/2025\/03\/SPIN360-03.jpg","type":"image\/jpeg"}],"twitter_card":"summary_large_image","twitter_misc":{"Ansl. lesetid":"2 minutter"},"schema":{"@context":"https:\/\/schema.org","@graph":[{"@type":"WebPage","@id":"https:\/\/cyklos.stage.tankbar.cloud\/no\/produkt\/sykkelhus-spin360\/","url":"https:\/\/cyklos.stage.tankbar.cloud\/no\/produkt\/sykkelhus-spin360\/","name":"Sykkelhus SPIN360 - Cyklos | Norge","isPartOf":{"@id":"https:\/\/cyklos.stage.tankbar.cloud\/no\/#website"},"primaryImageOfPage":{"@id":"https:\/\/cyklos.stage.tankbar.cloud\/no\/produkt\/sykkelhus-spin360\/#primaryimage"},"image":{"@id":"https:\/\/cyklos.stage.tankbar.cloud\/no\/produkt\/sykkelhus-spin360\/#primaryimage"},"thumbnailUrl":"https:\/\/cyklos.stage.tankbar.cloud\/no\/wp-content\/uploads\/sites\/9\/2025\/03\/SPIN360-03.jpg","datePublished":"2025-04-02T11:56:44+00:00","dateModified":"2025-04-02T12:16:48+00:00","breadcrumb":{"@id":"https:\/\/cyklos.stage.tankbar.cloud\/no\/produkt\/sykkelhus-spin360\/#breadcrumb"},"inLanguage":"nb-NO","potentialAction":[{"@type":"ReadAction","target":["https:\/\/cyklos.stage.tankbar.cloud\/no\/produkt\/sykkelhus-spin360\/"]}]},{"@type":"ImageObject","inLanguage":"nb-NO","@id":"https:\/\/cyklos.stage.tankbar.cloud\/no\/produkt\/sykkelhus-spin360\/#primaryimage","url":"https:\/\/cyklos.stage.tankbar.cloud\/no\/wp-content\/uploads\/sites\/9\/2025\/03\/SPIN360-03.jpg","contentUrl":"https:\/\/cyklos.stage.tankbar.cloud\/no\/wp-content\/uploads\/sites\/9\/2025\/03\/SPIN360-03.jpg","width":2500,"height":1568},{"@type":"BreadcrumbList","@id":"https:\/\/cyklos.stage.tankbar.cloud\/no\/produkt\/sykkelhus-spin360\/#breadcrumb","itemListElement":[{"@type":"ListItem","position":1,"name":"Home","item":"https:\/\/cyklos.stage.tankbar.cloud\/no\/"},{"@type":"ListItem","position":2,"name":"Produkter","item":"https:\/\/cyklos.stage.tankbar.cloud\/no\/shop\/"},{"@type":"ListItem","position":3,"name":"Sykkelhus SPIN360"}]},{"@type":"WebSite","@id":"https:\/\/cyklos.stage.tankbar.cloud\/no\/#website","url":"https:\/\/cyklos.stage.tankbar.cloud\/no\/","name":"Cyklos | Norge","description":"Framtidens cykelparkering","potentialAction":[{"@type":"SearchAction","target":{"@type":"EntryPoint","urlTemplate":"https:\/\/cyklos.stage.tankbar.cloud\/no\/?s={search_term_string}"},"query-input":{"@type":"PropertyValueSpecification","valueRequired":true,"valueName":"search_term_string"}}],"inLanguage":"nb-NO"}]}},"_links":{"self":[{"href":"https:\/\/cyklos.stage.tankbar.cloud\/no\/wp-json\/wp\/v2\/product\/4657","targetHints":{"allow":["GET"]}}],"collection":[{"href":"https:\/\/cyklos.stage.tankbar.cloud\/no\/wp-json\/wp\/v2\/product"}],"about":[{"href":"https:\/\/cyklos.stage.tankbar.cloud\/no\/wp-json\/wp\/v2\/types\/product"}],"replies":[{"embeddable":true,"href":"https:\/\/cyklos.stage.tankbar.cloud\/no\/wp-json\/wp\/v2\/comments?post=4657"}],"wp:featuredmedia":[{"embeddable":true,"href":"https:\/\/cyklos.stage.tankbar.cloud\/no\/wp-json\/wp\/v2\/media\/4656"}],"wp:attachment":[{"href":"https:\/\/cyklos.stage.tankbar.cloud\/no\/wp-json\/wp\/v2\/media?parent=4657"}],"wp:term":[{"taxonomy":"product_brand","embeddable":true,"href":"https:\/\/cyklos.stage.tankbar.cloud\/no\/wp-json\/wp\/v2\/product_brand?post=4657"},{"taxonomy":"product_cat","embeddable":true,"href":"https:\/\/cyklos.stage.tankbar.cloud\/no\/wp-json\/wp\/v2\/product_cat?post=4657"},{"taxonomy":"product_tag","embeddable":true,"href":"https:\/\/cyklos.stage.tankbar.cloud\/no\/wp-json\/wp\/v2\/product_tag?post=4657"}],"curies":[{"name":"wp","href":"https:\/\/api.w.org\/{rel}","templated":true}]}}